{"id":721,"date":"2016-11-30T14:27:56","date_gmt":"2016-11-30T14:27:56","guid":{"rendered":"http:\/\/www.fresh-point.it\/privacy"},"modified":"2018-10-22T10:07:38","modified_gmt":"2018-10-22T10:07:38","slug":"privacy","status":"publish","type":"page","link":"https:\/\/www.fresh-point.it\/de\/privacy\/","title":{"rendered":"Privacy"},"content":{"rendered":"[vc_row type=&#8220;in_container&#8220; full_screen_row_position=&#8220;middle&#8220; scene_position=&#8220;center&#8220; text_color=&#8220;dark&#8220; text_align=&#8220;left&#8220; top_padding=&#8220;100&#8243; bottom_padding=&#8220;100&#8243; overlay_strength=&#8220;0.3&#8243; shape_divider_position=&#8220;bottom&#8220;][vc_column column_padding=&#8220;no-extra-padding&#8220; column_padding_position=&#8220;all&#8220; background_color_opacity=&#8220;1&#8243; background_hover_color_opacity=&#8220;1&#8243; column_link_target=&#8220;_self&#8220; column_shadow=&#8220;none&#8220; column_border_radius=&#8220;none&#8220; width=&#8220;1\/4&#8243; tablet_width_inherit=&#8220;default&#8220; tablet_text_alignment=&#8220;default&#8220; phone_text_alignment=&#8220;default&#8220; column_border_width=&#8220;none&#8220; column_border_style=&#8220;solid&#8220;][\/vc_column][vc_column column_padding=&#8220;no-extra-padding&#8220; column_padding_position=&#8220;all&#8220; background_color_opacity=&#8220;1&#8243; background_hover_color_opacity=&#8220;1&#8243; column_link_target=&#8220;_self&#8220; column_shadow=&#8220;none&#8220; column_border_radius=&#8220;none&#8220; width=&#8220;1\/2&#8243; tablet_width_inherit=&#8220;default&#8220; tablet_text_alignment=&#8220;default&#8220; phone_text_alignment=&#8220;default&#8220; column_border_width=&#8220;none&#8220; column_border_style=&#8220;solid&#8220;][vc_column_text]<strong>Hinweise zur Datenverarbeitung<br \/>\n<\/strong><br \/>\nInformationspflichten gem\u00e4\u00df Artt. 13 und 14 DSGVO 679\/2016<br \/>\nGesch\u00e4tzter Kunde, FRESHPOINT GMBH, erkennt die Wichtigkeit des Schutzes der personenbezogenen Daten und verpflichtet sich diese diese korrekt, transparent und im Rahmen des Erlaubten in \u00dcbereinstimmung mit der EU-Verordnung 2016\/679 (DSGVO) zu verarbeiten.<br \/>\n1. Name und Kontaktdaten des Verantwortlichen<br \/>\nDieses Informationsschreiben gilt f\u00fcr die Verarbeitung der Daten durch: Verantwortliche: FRESHPOINT GMBH, Galvanistrasse, 23\/8, 39100, Bozen (BZ)<br \/>\nEmail: info@fresh-point.it<br \/>\nTelefon: +39 0471 977508<br \/>\nFax: +39 0471 981458<br \/>\n2. Erhebung und Speicherung personenbezogener Daten sowie Art und Zweck deren Verarbeitung<br \/>\nDie Verarbeitung der personenbezogenen Daten (pers\u00f6nliche erkennungsdienliche Daten wie z.B. Name, Nachname, Firmenbezeichnung, Steuerkodex und MwStr.Nr., Adresse, Telefon\/Fax, E-mail, Bank- und Zahlungsverbindungen) erfolgt zu folgenden Zwecken:<br \/>\n&#8211; verwaltungsm\u00e4\u00dfige, steuerrechtliche oder interne buchhalterische Pflichten zur Erf\u00fcllung der vetraglichen und der allgemeinen Pflichten, welche f\u00fcr den Verantowortlichen aus Gesetzen oder Regelwerken, EU-Verordnungen, aus Anfragen der Gerichtsbeh\u00f6rden oder um die Erf\u00fcllung der Rechte des Verantowortlichen zu erf\u00fcllen.<br \/>\nDie von uns erhobenen personenbezogenen Daten werden w\u00e4hrend des gesamten Vertragszeitraumes verarbeitet und gespeichert. Bei Ablauf desselben werden diese f\u00fcr den aufgrund von steuer- und handelsrechtlichen Aufbewahrungs- und Dokumentationspflichten n\u00f6tigen Zeitraum weiter gespeichert und aufbewahrt, sofern Sie die Einwilligung nach Art. 6 Abs. 1 lit. a DSGVO nicht verweigern<br \/>\n3. Art der Verarbeitung<br \/>\nDie Verarbeitung Ihrer Daten erfolgt \u00fcber geeignete Instrumente und Verfahren unter Ber\u00fccksichtigung der Sicherheit und Geheimhaltung und kann mittels elektronischer Ger\u00e4te oder im Papierform stattfinden.<br \/>\n4. Verpflichtende oder freiwillige Mitteilung von Daten Die Mitteilung von personenbezogenen Daten im Zusammenhang mit der Verarbeitung hat freiwilligen Charakter. Eine nicht vollst\u00e4ndige oder keine Mitteilung der Daten kann aber zu einer unvollst\u00e4ndigen Erf\u00fcllung oder einer kompletten Nichterf\u00fcllung des Vertrages oder der Fortf\u00fchrung desselben f\u00fchren.<br \/>\n5. Weitergabe an Dritte<br \/>\nFalls notwendig, k\u00f6nnen Ihre Daten von als Auftragsverarbeiter erm\u00e4chtige Dritte (gem\u00e4\u00df Art. 28 DSGVO) oder \u201cautonome\u201d Verantwortliche verarbeitet werden, und zwar:<br \/>\n&#8211; von Freiberuflern, Gesellschaften oder Kanzleien, welche dem Verantwortlichen einen Beistand oder eine Beratung f\u00fcr verwaltungsm\u00e4\u00dfige, buchhalterische, steuerrechtliche oder rechtliche Angelegenheiten liefern;<br \/>\n&#8211; von allen vom Gesetz vorgesehenen \u00f6ffentlichen Beh\u00f6rden und im Allgemeinen von allen Subjekten, welche von den geltenden buchhalterischen und steuerrechtlichen gesetzlichen Vorgaben als Empf\u00e4nger von verpflichtenden Mitteilungen vorgesehen sind;<br \/>\n&#8211; von Bankinstituten oder eventuellenen Freiberuflern \u2013 einzeln, in assoziierter oder gesellschaftlicher Form \u2013 f\u00fcr die Verwaltung des Inkasso und der Zahlungen. Die aktuelle Liste der Auftragsverarbeiter und Beauftragten der Verarbeitung wird am rechtlichen Sitz des Inhabers aufbewahrt. Auf jedem Fall werden die personenbezogenen Daten des Kunden nicht weiterverbreitet. 6. Weiterreichung der Daten in Drittl\u00e4nder oder Organisationen Im Rahmen der Ausf\u00fchrung des Vertrages ist keine Weiterreichung der Daten des Kunden in Nicht-EU-Drittl\u00e4nder oder an internationale Organisationen vorgesehen.<br \/>\n7. Rechte der Betroffenen<br \/>\nSie haben das Recht:<br \/>\n&#8211; gem\u00e4\u00df Art. 7 Abs. 3 DSGVO Ihre einmal erteilte Einwilligung jederzeit gegen\u00fcber uns zu widerrufen. Dies hat zur Folge, dass wir die Datenverarbeitung, die auf dieser Einwilligung beruhte, f\u00fcr die Zukunft nicht mehr fortf\u00fchren d\u00fcrfen;<br \/>\n&#8211; gem\u00e4\u00df Art. 15 DSGVO Auskunft \u00fcber Ihre von uns verarbeiteten personenbezogenen Daten zu verlangen;<br \/>\n&#8211; gem\u00e4\u00df Art. 16 DSGVO unverz\u00fcglich die Berichtigung unrichtiger oder Vervollst\u00e4ndigung Ihrer bei uns gespeicherten personenbezogenen Daten zu verlangen;<br \/>\n&#8211; gem\u00e4\u00df Art. 17 DSGVO die L\u00f6schung Ihrer bei uns gespeicherten personenbezogenen Daten zu verlangen, soweit nicht die Verarbeitung zur Aus\u00fcbung des Rechts auf freie Meinungs\u00e4u\u00dferung und Information, zur Erf\u00fcllung einer rechtlichen Verpflichtung, aus Gr\u00fcnden des \u00f6ffentlichen Interesses oder zur Geltendmachung, Aus\u00fcbung oder Verteidigung von Rechtsanspr\u00fcchen erforderlich ist;<br \/>\n&#8211; gem\u00e4\u00df Art. 18 DSGVO die Einschr\u00e4nkung der Verarbeitung Ihrer personenbezogenen Daten zu verlangen, soweit die Richtigkeit der Daten von Ihnen bestritten wird, die Verarbeitung unrechtm\u00e4\u00dfig ist, Sie aber deren L\u00f6schung ablehnen und wir die Daten nicht mehr ben\u00f6tigen, Sie jedoch diese zur Abwicklung der Gesch\u00e4ftsbeziehung ben\u00f6tigen oder Sie gem\u00e4\u00df Art. 21 DSGVO Widerspruch gegen die Verarbeitung eingelegt haben;<br \/>\n&#8211; gem\u00e4\u00df Art. 20 DSGVO Ihre personenbezogenen Daten, die Sie uns bereitgestellt haben, in einem strukturierten, g\u00e4ngigen und maschinenlesebaren Format zu erhalten oder die \u00dcbermittlung an einen anderen Verantwortlichen zu verlangen;<br \/>\n&#8211; gem\u00e4\u00df Art. 77 DSGVO sich bei der Aufsichtsbeh\u00f6rde \u201cAutorit\u00e0 Garante per la protezione dei dati personali\u201d, Piazza di Montecitorio 121, 00186, Roma (RM) zu beschweren.<br \/>\n8. Vorgehensweise bei der Aus\u00fcbung der Rechte<br \/>\n&#8211; Die Aus\u00fcbung der Rechte vonseiten des Kunden ist gem\u00e4\u00df Art. 12 DSGVO kostenlos. Im Falle aber von klar nicht gerechtfertigten oder \u00fcberm\u00e4\u00dfigen Antr\u00e4gen, auch wegen der st\u00e4ndigen Wiederkehr derselben, k\u00f6nnte der Verantwortliche eine angemessene<br \/>\nSpesenr\u00fcckverg\u00fctung unter Ber\u00fccksichtigung der daraus erfolgten Verwaltungsausgaben zur Bearbeitung Ihres Antrages in Rechnung gestellt werden oder den Antrag zur\u00fcckzuweisen.<br \/>\n&#8211; Im Falle, dass Ihre personenbezogenen Daten nicht f\u00fcr einen gerechtfertigten Zweck gem\u00e4\u00df Art. 6 Abs. 1 lit. f DSGVO verarbeitet werden, haben Sie das Recht, im Sinne des Art. 21 DSGVO, Widerspruch gegen die Verarbeitung Ihrer Daten einzureichen und die Gr\u00fcnde daf\u00fcr zu nennen.<br \/>\nUm das Widerspruchsrecht geltend zu machen, k\u00f6nnen Sie eine Email an die Emailadresse: info@fresh-point.it senden.[\/vc_column_text][\/vc_column][vc_column column_padding=&#8220;no-extra-padding&#8220; column_padding_position=&#8220;all&#8220; background_color_opacity=&#8220;1&#8243; background_hover_color_opacity=&#8220;1&#8243; column_link_target=&#8220;_self&#8220; column_shadow=&#8220;none&#8220; column_border_radius=&#8220;none&#8220; width=&#8220;1\/4&#8243; tablet_width_inherit=&#8220;default&#8220; tablet_text_alignment=&#8220;default&#8220; phone_text_alignment=&#8220;default&#8220; column_border_width=&#8220;none&#8220; column_border_style=&#8220;solid&#8220;][\/vc_column][\/vc_row]\n","protected":false},"excerpt":{"rendered":"<p>[vc_row type=&#8220;in_container&#8220; full_screen_row_position=&#8220;middle&#8220; scene_position=&#8220;center&#8220; text_color=&#8220;dark&#8220; text_align=&#8220;left&#8220; top_padding=&#8220;100&#8243; bottom_padding=&#8220;100&#8243; overlay_strength=&#8220;0.3&#8243; shape_divider_position=&#8220;bottom&#8220;][vc_column column_padding=&#8220;no-extra-padding&#8220; column_padding_position=&#8220;all&#8220; background_color_opacity=&#8220;1&#8243; background_hover_color_opacity=&#8220;1&#8243; column_link_target=&#8220;_self&#8220; column_shadow=&#8220;none&#8220; column_border_radius=&#8220;none&#8220; width=&#8220;1\/4&#8243; tablet_width_inherit=&#8220;default&#8220; tablet_text_alignment=&#8220;default&#8220; phone_text_alignment=&#8220;default&#8220; column_border_width=&#8220;none&#8220; column_border_style=&#8220;solid&#8220;][\/vc_column][vc_column column_padding=&#8220;no-extra-padding&#8220; column_padding_position=&#8220;all&#8220; background_color_opacity=&#8220;1&#8243; background_hover_color_opacity=&#8220;1&#8243; column_link_target=&#8220;_self&#8220; column_shadow=&#8220;none&#8220; column_border_radius=&#8220;none&#8220;&#8230;<\/p>\n","protected":false},"author":1,"featured_media":0,"parent":0,"menu_order":0,"comment_status":"closed","ping_status":"closed","template":"","meta":{"footnotes":""},"class_list":["post-721","page","type-page","status-publish"],"yoast_head":"<!-- This site is optimized with the Yoast SEO plugin v27.5 - https:\/\/yoast.com\/product\/yoast-seo-wordpress\/ -->\n<title>Privacy - fresh-point.it<\/title>\n<meta name=\"robots\" content=\"index, follow, max-snippet:-1, max-image-preview:large, max-video-preview:-1\" \/>\n<link rel=\"canonical\" href=\"https:\/\/www.fresh-point.it\/de\/privacy\/\" \/>\n<meta property=\"og:locale\" content=\"de_DE\" \/>\n<meta property=\"og:type\" content=\"article\" \/>\n<meta property=\"og:title\" content=\"Privacy - fresh-point.it\" \/>\n<meta property=\"og:description\" content=\"[vc_row type=&#8220;in_container&#8220; full_screen_row_position=&#8220;middle&#8220; scene_position=&#8220;center&#8220; text_color=&#8220;dark&#8220; text_align=&#8220;left&#8220; top_padding=&#8220;100&#8243; bottom_padding=&#8220;100&#8243; overlay_strength=&#8220;0.3&#8243; shape_divider_position=&#8220;bottom&#8220;][vc_column column_padding=&#8220;no-extra-padding&#8220; column_padding_position=&#8220;all&#8220; background_color_opacity=&#8220;1&#8243; background_hover_color_opacity=&#8220;1&#8243; column_link_target=&#8220;_self&#8220; column_shadow=&#8220;none&#8220; column_border_radius=&#8220;none&#8220; width=&#8220;1\/4&#8243; tablet_width_inherit=&#8220;default&#8220; tablet_text_alignment=&#8220;default&#8220; phone_text_alignment=&#8220;default&#8220; column_border_width=&#8220;none&#8220; column_border_style=&#8220;solid&#8220;][\/vc_column][vc_column column_padding=&#8220;no-extra-padding&#8220; column_padding_position=&#8220;all&#8220; background_color_opacity=&#8220;1&#8243; background_hover_color_opacity=&#8220;1&#8243; column_link_target=&#8220;_self&#8220; column_shadow=&#8220;none&#8220; column_border_radius=&#8220;none&#8220;...\" \/>\n<meta property=\"og:url\" content=\"https:\/\/www.fresh-point.it\/de\/privacy\/\" \/>\n<meta property=\"og:site_name\" content=\"fresh-point.it\" \/>\n<meta property=\"article:modified_time\" content=\"2018-10-22T10:07:38+00:00\" \/>\n<meta name=\"twitter:card\" content=\"summary_large_image\" \/>\n<meta name=\"twitter:label1\" content=\"Gesch\u00e4tzte Lesezeit\" \/>\n\t<meta name=\"twitter:data1\" content=\"5\u00a0Minuten\" \/>\n<script type=\"application\/ld+json\" class=\"yoast-schema-graph\">{\"@context\":\"https:\\\/\\\/schema.org\",\"@graph\":[{\"@type\":\"WebPage\",\"@id\":\"https:\\\/\\\/www.fresh-point.it\\\/de\\\/privacy\\\/\",\"url\":\"https:\\\/\\\/www.fresh-point.it\\\/de\\\/privacy\\\/\",\"name\":\"Privacy - fresh-point.it\",\"isPartOf\":{\"@id\":\"https:\\\/\\\/www.fresh-point.it\\\/de\\\/#website\"},\"datePublished\":\"2016-11-30T14:27:56+00:00\",\"dateModified\":\"2018-10-22T10:07:38+00:00\",\"breadcrumb\":{\"@id\":\"https:\\\/\\\/www.fresh-point.it\\\/de\\\/privacy\\\/#breadcrumb\"},\"inLanguage\":\"de\",\"potentialAction\":[{\"@type\":\"ReadAction\",\"target\":[\"https:\\\/\\\/www.fresh-point.it\\\/de\\\/privacy\\\/\"]}]},{\"@type\":\"BreadcrumbList\",\"@id\":\"https:\\\/\\\/www.fresh-point.it\\\/de\\\/privacy\\\/#breadcrumb\",\"itemListElement\":[{\"@type\":\"ListItem\",\"position\":1,\"name\":\"Home\",\"item\":\"https:\\\/\\\/www.fresh-point.it\\\/de\\\/\"},{\"@type\":\"ListItem\",\"position\":2,\"name\":\"Privacy\"}]},{\"@type\":\"WebSite\",\"@id\":\"https:\\\/\\\/www.fresh-point.it\\\/de\\\/#website\",\"url\":\"https:\\\/\\\/www.fresh-point.it\\\/de\\\/\",\"name\":\"fresh-point.it\",\"description\":\"Just another WordPress site\",\"publisher\":{\"@id\":\"https:\\\/\\\/www.fresh-point.it\\\/de\\\/#organization\"},\"potentialAction\":[{\"@type\":\"SearchAction\",\"target\":{\"@type\":\"EntryPoint\",\"urlTemplate\":\"https:\\\/\\\/www.fresh-point.it\\\/de\\\/?s={search_term_string}\"},\"query-input\":{\"@type\":\"PropertyValueSpecification\",\"valueRequired\":true,\"valueName\":\"search_term_string\"}}],\"inLanguage\":\"de\"},{\"@type\":\"Organization\",\"@id\":\"https:\\\/\\\/www.fresh-point.it\\\/de\\\/#organization\",\"name\":\"Freshpoint\",\"url\":\"https:\\\/\\\/www.fresh-point.it\\\/de\\\/\",\"logo\":{\"@type\":\"ImageObject\",\"inLanguage\":\"de\",\"@id\":\"https:\\\/\\\/www.fresh-point.it\\\/de\\\/#\\\/schema\\\/logo\\\/image\\\/\",\"url\":\"\",\"contentUrl\":\"\",\"caption\":\"Freshpoint\"},\"image\":{\"@id\":\"https:\\\/\\\/www.fresh-point.it\\\/de\\\/#\\\/schema\\\/logo\\\/image\\\/\"}}]}<\/script>\n<!-- \/ Yoast SEO plugin. -->","yoast_head_json":{"title":"Privacy - fresh-point.it","robots":{"index":"index","follow":"follow","max-snippet":"max-snippet:-1","max-image-preview":"max-image-preview:large","max-video-preview":"max-video-preview:-1"},"canonical":"https:\/\/www.fresh-point.it\/de\/privacy\/","og_locale":"de_DE","og_type":"article","og_title":"Privacy - fresh-point.it","og_description":"[vc_row type=&#8220;in_container&#8220; full_screen_row_position=&#8220;middle&#8220; scene_position=&#8220;center&#8220; text_color=&#8220;dark&#8220; text_align=&#8220;left&#8220; top_padding=&#8220;100&#8243; bottom_padding=&#8220;100&#8243; overlay_strength=&#8220;0.3&#8243; shape_divider_position=&#8220;bottom&#8220;][vc_column column_padding=&#8220;no-extra-padding&#8220; column_padding_position=&#8220;all&#8220; background_color_opacity=&#8220;1&#8243; background_hover_color_opacity=&#8220;1&#8243; column_link_target=&#8220;_self&#8220; column_shadow=&#8220;none&#8220; column_border_radius=&#8220;none&#8220; width=&#8220;1\/4&#8243; tablet_width_inherit=&#8220;default&#8220; tablet_text_alignment=&#8220;default&#8220; phone_text_alignment=&#8220;default&#8220; column_border_width=&#8220;none&#8220; column_border_style=&#8220;solid&#8220;][\/vc_column][vc_column column_padding=&#8220;no-extra-padding&#8220; column_padding_position=&#8220;all&#8220; background_color_opacity=&#8220;1&#8243; background_hover_color_opacity=&#8220;1&#8243; column_link_target=&#8220;_self&#8220; column_shadow=&#8220;none&#8220; column_border_radius=&#8220;none&#8220;...","og_url":"https:\/\/www.fresh-point.it\/de\/privacy\/","og_site_name":"fresh-point.it","article_modified_time":"2018-10-22T10:07:38+00:00","twitter_card":"summary_large_image","twitter_misc":{"Gesch\u00e4tzte Lesezeit":"5\u00a0Minuten"},"schema":{"@context":"https:\/\/schema.org","@graph":[{"@type":"WebPage","@id":"https:\/\/www.fresh-point.it\/de\/privacy\/","url":"https:\/\/www.fresh-point.it\/de\/privacy\/","name":"Privacy - fresh-point.it","isPartOf":{"@id":"https:\/\/www.fresh-point.it\/de\/#website"},"datePublished":"2016-11-30T14:27:56+00:00","dateModified":"2018-10-22T10:07:38+00:00","breadcrumb":{"@id":"https:\/\/www.fresh-point.it\/de\/privacy\/#breadcrumb"},"inLanguage":"de","potentialAction":[{"@type":"ReadAction","target":["https:\/\/www.fresh-point.it\/de\/privacy\/"]}]},{"@type":"BreadcrumbList","@id":"https:\/\/www.fresh-point.it\/de\/privacy\/#breadcrumb","itemListElement":[{"@type":"ListItem","position":1,"name":"Home","item":"https:\/\/www.fresh-point.it\/de\/"},{"@type":"ListItem","position":2,"name":"Privacy"}]},{"@type":"WebSite","@id":"https:\/\/www.fresh-point.it\/de\/#website","url":"https:\/\/www.fresh-point.it\/de\/","name":"fresh-point.it","description":"Just another WordPress site","publisher":{"@id":"https:\/\/www.fresh-point.it\/de\/#organization"},"potentialAction":[{"@type":"SearchAction","target":{"@type":"EntryPoint","urlTemplate":"https:\/\/www.fresh-point.it\/de\/?s={search_term_string}"},"query-input":{"@type":"PropertyValueSpecification","valueRequired":true,"valueName":"search_term_string"}}],"inLanguage":"de"},{"@type":"Organization","@id":"https:\/\/www.fresh-point.it\/de\/#organization","name":"Freshpoint","url":"https:\/\/www.fresh-point.it\/de\/","logo":{"@type":"ImageObject","inLanguage":"de","@id":"https:\/\/www.fresh-point.it\/de\/#\/schema\/logo\/image\/","url":"","contentUrl":"","caption":"Freshpoint"},"image":{"@id":"https:\/\/www.fresh-point.it\/de\/#\/schema\/logo\/image\/"}}]}},"_links":{"self":[{"href":"https:\/\/www.fresh-point.it\/de\/wp-json\/wp\/v2\/pages\/721","targetHints":{"allow":["GET"]}}],"collection":[{"href":"https:\/\/www.fresh-point.it\/de\/wp-json\/wp\/v2\/pages"}],"about":[{"href":"https:\/\/www.fresh-point.it\/de\/wp-json\/wp\/v2\/types\/page"}],"author":[{"embeddable":true,"href":"https:\/\/www.fresh-point.it\/de\/wp-json\/wp\/v2\/users\/1"}],"replies":[{"embeddable":true,"href":"https:\/\/www.fresh-point.it\/de\/wp-json\/wp\/v2\/comments?post=721"}],"version-history":[{"count":1,"href":"https:\/\/www.fresh-point.it\/de\/wp-json\/wp\/v2\/pages\/721\/revisions"}],"predecessor-version":[{"id":770,"href":"https:\/\/www.fresh-point.it\/de\/wp-json\/wp\/v2\/pages\/721\/revisions\/770"}],"wp:attachment":[{"href":"https:\/\/www.fresh-point.it\/de\/wp-json\/wp\/v2\/media?parent=721"}],"curies":[{"name":"wp","href":"https:\/\/api.w.org\/{rel}","templated":true}]}}